{"id":252,"date":"2024-09-07T02:34:42","date_gmt":"2024-09-07T02:34:42","guid":{"rendered":"https:\/\/www.ydstools.com\/?page_id=252"},"modified":"2024-12-14T07:56:48","modified_gmt":"2024-12-14T07:56:48","slug":"contact-us","status":"publish","type":"page","link":"https:\/\/www.ydstools.com\/fi\/ota-yhteytta\/","title":{"rendered":""},"content":{"rendered":"<div class=\"path_bar\">\n        <div class=\"layout\" style=\"margin-bottom:30px\">\n            <ul>\n                <li><a href=\"\/\">Etusivu<\/a><\/li>\n                <li><a href=\"\">Ota yhteytt\u00e4<\/a><\/li>\n            <\/ul>\n        <\/div>\n    <\/div>\n\n\n\n<h1 class=\"wp-block-heading has-text-align-center\" style=\"font-size:28px\">OTA YHTEYTT\u00c4<\/h1>\n\n\n\n<div class=\"wp-block-columns is-layout-flex wp-container-core-columns-is-layout-1 wp-block-columns-is-layout-flex\">\n<div class=\"wp-block-column is-layout-flow wp-block-column-is-layout-flow\"><\/div>\n\n\n\n<div class=\"wp-block-column is-layout-flow wp-block-column-is-layout-flow\"><\/div>\n<\/div>\n\n\n\n<div id=\"icon-contact\" >\n        <div class=\"layout\">\n            <ul class=\"ic-list\">\n                \n                  \n              <li style=\"text-align:center;\">\n              <a href=\"mailto:xianghengda@gmail.com\"><img decoding=\"async\" src=\"\/wp-content\/uploads\/2024\/11\/email-fill-2.png\" class=\"social-icon\">\n             <h2>S\u00e4hk\u00f6posti<\/h2>\n              <p>xianghengda@gmail.com<\/p><\/a>\n               <\/li>\n <li style=\"text-align:center;\">\n             <a href=\"https:\/\/wa.me\/8613575968158\" target=\"_blank\" rel=\"noopener\"><img decoding=\"async\" src=\"\/wp-content\/uploads\/2024\/11\/whatsapp-7.png\" class=\"social-icon\">\n              <h2>WhatsApp<\/h2>\n              <p>+86 13575968158<\/p><a>\n               <\/li>\n <li style=\"text-align:center;\">\n <a href=\"tel:8613575968158\" target=\"_blank\" rel=\"noopener\">\n           <img decoding=\"async\" src=\"\/wp-content\/uploads\/2024\/11\/phone-fill.png\" class=\"social-icon\">\n              <h2>Puhelin<\/h2>\n              <p>puh:+86 13575968158<\/p><\/a>\n          \n               <\/li>\n <li style=\"text-align:center;\">\n          <img decoding=\"async\" src=\"\/wp-content\/uploads\/2024\/11\/address-b.png\" class=\"social-icon\">\n              <h2>Osoite<\/h2>\n              <p>Huone 302, rakennus 69, Futian District 2, Yiwun kaupunki<\/p>\n               <\/li>\n\n            <\/ul>\n        <\/div>\n    <\/div>\n\n<style>\n@media screen and (min-width:981px){\n#icon-contact .ic-list{\ndisplay:flex;\njustify-content:space-between;\nlist-style:none!important\n}\n#icon-contact .ic-list li{\n\nwidth:25%;\nmargin-bottom:20px\n}\n\n}\n#icon-contact .ic-list li{\n\nmargin-bottom:20px\n}\n#icon-contact .ic-list li span{\nmargin-bottom: 20px;\nfont-size:55px;\nwidth:auto!important;\nheight:auto!important\n}\n#icon-contact .ic-list{\nlist-style:none!important\n}\n<\/style>\n\n\n\n<div class=\"contact-form\" style=\"margin:55px 0\">\n        <div class=\"layout\">\n               <div class=\"header_inquiry\"\n         style=\"display: flex; align-items: center; justify-content: center; height: 64vh; background-color: #f1f4f6; width: 100%;\">\n        <div id=\"header_inquiry-form\"\n             style=\"border:1px solid #bfbfbf; padding: 2em; padding-top:2.625em;width: 84%; background-color: #fff;\">\n            <div style=\"background-color: #013e5a; color: #fff; padding: 1em; border-radius: 5px; margin-bottom: 2em; text-align: center;\">\n                <h2 style=\"margin: 0; color: #fff;\">J\u00e4t\u00e4 viestisi<\/h2>\n            <\/div>\n            <form id=\"header_inquiry-form-content\" action=\"#\" method=\"post\" style=\"color: #666;\" data-trp-original-action=\"#\">\n                <input type=\"text\" name=\"title\" id=\"name\" placeholder=\"Nimi...\" required\n style=\"width: 100%; padding: 1em; margin-bottom: 1em; box-sizing: border-box;\">\n                <input type=\"email\" name=\"email\" id=\"email\"\n                       placeholder=\"*S\u00e4hk\u00f6posti (Vastaamme sinulle s\u00e4hk\u00f6postitse 24 tunnin kuluessa)\" required\n style=\"width: 100%; padding: 1em; margin-bottom: 1em; box-sizing: border-box;\">\n                <input type=\"text\" name=\"telephone\" id=\"phone\" placeholder=\"Puhelin\/WhatsApp\/WeChat (eritt\u00e4in t\u00e4rke\u00e4\u00e4)\"\n                       required style=\"width: 100%; padding: 1em; margin-bottom: 1em; box-sizing: border-box;\">\n                <textarea name=\"message\" id=\"details\" rows=\"4\"\n                          placeholder=\"* Sy\u00f6t\u00e4 otsikon tiedot, kuten koko, v\u00e4ri, materiaalit jne. ja muut erityisvaatimukset, jotta saat tarkan tarjouksen.\"\n                          style=\"width: 100%; padding: 1em; margin-bottom: 1em; box-sizing: border-box;\"><\/textarea>\n                <button id=\"send_form\" type=\"submit\"\n                        style=\"background-color: #f28808; color: #fff; padding: 1em 1.5em; border: none; border-radius: 3px; cursor: pointer; width: 100%;\">\n                    L\u00e4het\u00e4\n                <\/button>\n            <input type=\"hidden\" name=\"trp-form-language\" value=\"fi\"\/><\/form>\n        <\/div>\n    <\/div>\n    \n        <\/div>\n    <\/div>\n<style>\n\n<\/style>","protected":false},"excerpt":{"rendered":"<p>Home Contact Us CONTACT US Email xianghengda@gmail.com WhatsApp +86 13575968158 Phone tel:+86 13575968158 Address Room 302, Building 69, Futian District 2, Yiwu City<\/p>","protected":false},"author":1,"featured_media":0,"parent":0,"menu_order":0,"comment_status":"closed","ping_status":"closed","template":"","meta":{"footnotes":""},"class_list":["post-252","page","type-page","status-publish","hentry"],"yoast_head":"<!-- This site is optimized with the Yoast SEO plugin v23.4 - https:\/\/yoast.com\/wordpress\/plugins\/seo\/ -->\n<title>- Yandangshan Tools Co., Ltd. - Professional Power Tools , Hand Tools and Measuring Tools Supplier<\/title>\n<meta name=\"description\" content=\"China Power Tools , Hand Tools and Measuring Tools Manufacturer, mainly produces and sells such products as drill bits, saw blades, saw bits, electric screwdrivers, toolboxes, spray guns, hole saws, polishing tools, and air nail guns.\" \/>\n<meta name=\"robots\" content=\"index, follow, max-snippet:-1, max-image-preview:large, max-video-preview:-1\" \/>\n<link rel=\"canonical\" href=\"https:\/\/www.ydstools.com\/fi\/ota-yhteytta\/\" \/>\n<meta property=\"og:locale\" content=\"fi_FI\" \/>\n<meta property=\"og:type\" content=\"article\" \/>\n<meta property=\"og:title\" content=\"- Yandangshan Tools Co., Ltd. - Professional Power Tools , Hand Tools and Measuring Tools Supplier\" \/>\n<meta property=\"og:description\" content=\"China Power Tools , Hand Tools and Measuring Tools Manufacturer, mainly produces and sells such products as drill bits, saw blades, saw bits, electric screwdrivers, toolboxes, spray guns, hole saws, polishing tools, and air nail guns.\" \/>\n<meta property=\"og:url\" content=\"https:\/\/www.ydstools.com\/fi\/ota-yhteytta\/\" \/>\n<meta property=\"og:site_name\" content=\"Yandangshan Tools Co., Ltd. - Professional Power Tools , Hand Tools and Measuring Tools Supplier\" \/>\n<meta property=\"article:modified_time\" content=\"2024-12-14T07:56:48+00:00\" \/>\n<meta name=\"twitter:card\" content=\"summary_large_image\" \/>\n<meta name=\"twitter:label1\" content=\"Arvioitu lukuaika\" \/>\n\t<meta name=\"twitter:data1\" content=\"1 minuutti\" \/>\n<script type=\"application\/ld+json\" class=\"yoast-schema-graph\">{\"@context\":\"https:\/\/schema.org\",\"@graph\":[{\"@type\":\"WebPage\",\"@id\":\"https:\/\/www.ydstools.com\/contact-us\/\",\"url\":\"https:\/\/www.ydstools.com\/contact-us\/\",\"name\":\"- Yandangshan Tools Co., Ltd. - Professional Power Tools , Hand Tools and Measuring Tools Supplier\",\"isPartOf\":{\"@id\":\"https:\/\/www.ydstools.com\/#website\"},\"datePublished\":\"2024-09-07T02:34:42+00:00\",\"dateModified\":\"2024-12-14T07:56:48+00:00\",\"description\":\"China Power Tools , Hand Tools and Measuring Tools Manufacturer, mainly produces and sells such products as drill bits, saw blades, saw bits, electric screwdrivers, toolboxes, spray guns, hole saws, polishing tools, and air nail guns.\",\"inLanguage\":\"fi\",\"potentialAction\":[{\"@type\":\"ReadAction\",\"target\":[\"https:\/\/www.ydstools.com\/contact-us\/\"]}]},{\"@type\":\"WebSite\",\"@id\":\"https:\/\/www.ydstools.com\/#website\",\"url\":\"https:\/\/www.ydstools.com\/\",\"name\":\"Yandangshan Tools Co., Ltd. - Professional Power Tools , Hand Tools and Measuring Tools Supplier\",\"description\":\"Yandangshan Tools Co., Ltd. - Professional Power Tools , Hand Tools and Measuring Tools Supplier\",\"publisher\":{\"@id\":\"https:\/\/www.ydstools.com\/#organization\"},\"alternateName\":\"Yandangshan Tools Co., Ltd. - Professional Power Tools , Hand Tools and Measuring Tools Supplier\",\"potentialAction\":[{\"@type\":\"SearchAction\",\"target\":{\"@type\":\"EntryPoint\",\"urlTemplate\":\"https:\/\/www.ydstools.com\/?s={search_term_string}\"},\"query-input\":{\"@type\":\"PropertyValueSpecification\",\"valueRequired\":true,\"valueName\":\"search_term_string\"}}],\"inLanguage\":\"fi\"},{\"@type\":\"Organization\",\"@id\":\"https:\/\/www.ydstools.com\/#organization\",\"name\":\"Yandangshan Tools Co., Ltd.\",\"url\":\"https:\/\/www.ydstools.com\/\",\"logo\":{\"@type\":\"ImageObject\",\"inLanguage\":\"fi\",\"@id\":\"https:\/\/www.ydstools.com\/#\/schema\/logo\/image\/\",\"url\":\"https:\/\/www.ydstools.com\/wp-content\/uploads\/2024\/12\/cropped-YDSlogo-1.webp\",\"contentUrl\":\"https:\/\/www.ydstools.com\/wp-content\/uploads\/2024\/12\/cropped-YDSlogo-1.webp\",\"width\":500,\"height\":302,\"caption\":\"Yandangshan Tools Co., Ltd.\"},\"image\":{\"@id\":\"https:\/\/www.ydstools.com\/#\/schema\/logo\/image\/\"}}]}<\/script>\n<!-- \/ Yoast SEO plugin. -->","yoast_head_json":{"title":"- Yandangshan Tools Co., Ltd. - Professional Power Tools , Hand Tools and Measuring Tools Supplier","description":"China Power Tools , Hand Tools and Measuring Tools Manufacturer, mainly produces and sells such products as drill bits, saw blades, saw bits, electric screwdrivers, toolboxes, spray guns, hole saws, polishing tools, and air nail guns.","robots":{"index":"index","follow":"follow","max-snippet":"max-snippet:-1","max-image-preview":"max-image-preview:large","max-video-preview":"max-video-preview:-1"},"canonical":"https:\/\/www.ydstools.com\/fi\/ota-yhteytta\/","og_locale":"fi_FI","og_type":"article","og_title":"- Yandangshan Tools Co., Ltd. - Professional Power Tools , Hand Tools and Measuring Tools Supplier","og_description":"China Power Tools , Hand Tools and Measuring Tools Manufacturer, mainly produces and sells such products as drill bits, saw blades, saw bits, electric screwdrivers, toolboxes, spray guns, hole saws, polishing tools, and air nail guns.","og_url":"https:\/\/www.ydstools.com\/fi\/ota-yhteytta\/","og_site_name":"Yandangshan Tools Co., Ltd. - Professional Power Tools , Hand Tools and Measuring Tools Supplier","article_modified_time":"2024-12-14T07:56:48+00:00","twitter_card":"summary_large_image","twitter_misc":{"Arvioitu lukuaika":"1 minuutti"},"schema":{"@context":"https:\/\/schema.org","@graph":[{"@type":"WebPage","@id":"https:\/\/www.ydstools.com\/contact-us\/","url":"https:\/\/www.ydstools.com\/contact-us\/","name":"- Yandangshan Tools Co., Ltd. - Professional Power Tools , Hand Tools and Measuring Tools Supplier","isPartOf":{"@id":"https:\/\/www.ydstools.com\/#website"},"datePublished":"2024-09-07T02:34:42+00:00","dateModified":"2024-12-14T07:56:48+00:00","description":"China Power Tools , Hand Tools and Measuring Tools Manufacturer, mainly produces and sells such products as drill bits, saw blades, saw bits, electric screwdrivers, toolboxes, spray guns, hole saws, polishing tools, and air nail guns.","inLanguage":"fi","potentialAction":[{"@type":"ReadAction","target":["https:\/\/www.ydstools.com\/contact-us\/"]}]},{"@type":"WebSite","@id":"https:\/\/www.ydstools.com\/#website","url":"https:\/\/www.ydstools.com\/","name":"Yandangshan Tools Co., Ltd. - Professional Power Tools , Hand Tools and Measuring Tools Supplier","description":"Yandangshan Tools Co., Ltd. - Professional Power Tools , Hand Tools and Measuring Tools Supplier","publisher":{"@id":"https:\/\/www.ydstools.com\/#organization"},"alternateName":"Yandangshan Tools Co., Ltd. - Professional Power Tools , Hand Tools and Measuring Tools Supplier","potentialAction":[{"@type":"SearchAction","target":{"@type":"EntryPoint","urlTemplate":"https:\/\/www.ydstools.com\/?s={search_term_string}"},"query-input":{"@type":"PropertyValueSpecification","valueRequired":true,"valueName":"search_term_string"}}],"inLanguage":"fi"},{"@type":"Organization","@id":"https:\/\/www.ydstools.com\/#organization","name":"Yandangshan Tools Co., Ltd.","url":"https:\/\/www.ydstools.com\/","logo":{"@type":"ImageObject","inLanguage":"fi","@id":"https:\/\/www.ydstools.com\/#\/schema\/logo\/image\/","url":"https:\/\/www.ydstools.com\/wp-content\/uploads\/2024\/12\/cropped-YDSlogo-1.webp","contentUrl":"https:\/\/www.ydstools.com\/wp-content\/uploads\/2024\/12\/cropped-YDSlogo-1.webp","width":500,"height":302,"caption":"Yandangshan Tools Co., Ltd."},"image":{"@id":"https:\/\/www.ydstools.com\/#\/schema\/logo\/image\/"}}]}},"_links":{"self":[{"href":"https:\/\/www.ydstools.com\/fi\/wp-json\/wp\/v2\/pages\/252"}],"collection":[{"href":"https:\/\/www.ydstools.com\/fi\/wp-json\/wp\/v2\/pages"}],"about":[{"href":"https:\/\/www.ydstools.com\/fi\/wp-json\/wp\/v2\/types\/page"}],"author":[{"embeddable":true,"href":"https:\/\/www.ydstools.com\/fi\/wp-json\/wp\/v2\/users\/1"}],"replies":[{"embeddable":true,"href":"https:\/\/www.ydstools.com\/fi\/wp-json\/wp\/v2\/comments?post=252"}],"version-history":[{"count":90,"href":"https:\/\/www.ydstools.com\/fi\/wp-json\/wp\/v2\/pages\/252\/revisions"}],"predecessor-version":[{"id":2458,"href":"https:\/\/www.ydstools.com\/fi\/wp-json\/wp\/v2\/pages\/252\/revisions\/2458"}],"wp:attachment":[{"href":"https:\/\/www.ydstools.com\/fi\/wp-json\/wp\/v2\/media?parent=252"}],"curies":[{"name":"wp","href":"https:\/\/api.w.org\/{rel}","templated":true}]}}